{"id":2942,"date":"2020-10-20T08:30:35","date_gmt":"2020-10-20T08:30:35","guid":{"rendered":"https:\/\/www.kilton.it\/prodotti\/uncategorized\/in162\/"},"modified":"2026-02-17T14:12:00","modified_gmt":"2026-02-17T13:12:00","slug":"in162","status":"publish","type":"product","link":"https:\/\/www.kilton.it\/en\/prodotti\/stainless-steel-screws\/in162\/","title":{"rendered":"IN162"},"content":{"rendered":"<p>UNI 9709\/TA<\/p>\n<p>HI-LO SCREWS FOR PLASTIC MATERIALS INOX A2 CYLINDRICAL HEAD PHILIPS CROSS IMPRINT WITH POINT<\/p>\n","protected":false},"excerpt":{"rendered":"<p>La vite Hi-Lo \u00e8 facilmente distinguibile da qualsiasi altra vite per la caratteristica alternanza del filetto tra alto (high) e basso (low). E&#8217; stata una delle prime viti progettate specificatamente per le materie plastiche, in particolar modo per materiali molto teneri come ad esempio nylon, moplen e simili. Il filetto pi\u00f9 alto a 30\u00b0 \u00e8 quello incaricato di garantire la tenuta della vite nel materiale plastico, mentre quello pi\u00f9 piccolo dovrebbe servire a creare un&#8217;azione bloccante della vite in virt\u00f9 della diversa angolazione a 60\u00b0. All&#8217;atto pratico il prodotto si comporta come la &#8220;cugina&#8221; rapid-fix a doppio principio usata nel settore del legno: proprio da quest&#8217;ultima si \u00e8 sviluppata l&#8217;idea per una vite con caratteristiche simili di tenuta, ma sui materiali plastici. Esattamente come la sua simile, le criticit\u00e0 di questo articolo sono svariate e dovrebbero venir considerate pi\u00f9 spesso in fase di progettazione, di modo che questa vite possa venir utilizzata ad ampio spettro in maniera decisamente pi\u00f9 consapevole come accade per la Plastic-Fix (art.105 e derivati). Analizzando le difficolt\u00e0 della vite, ad esempio, nella nostra esperienza ci \u00e8 capitato di avere a che fare con manufatti plastici il cui preforo essendo troppo grande (questo a causa delle esigenze di stampaggio e soffiaggio della plastica) non permetteva al filetto pi\u00f9 basso della vite di ottemperare all&#8217;azione di bloccaggio e\/o comunque di non avere nessuna presa sul materiale. Di fatto lavorando un solo filetto la tenuta della vite non \u00e8 per come \u00e8 stata pensata originariamente. Un secondo caso riguarda le dimensioni della testa che a parit\u00e0 di diametro nominale del gambo \u00e8 di gran lunga inferiore rispetto a qualsiasi altra tipologia di prodotto per le materie plastiche: l&#8217;esempio pi\u00f9 eclatante lo troviamo nella vite di diametro 3.5mm la cui testa ha un diametro di 5.6mm e con croce 1 anzich\u00e8 di 7mm e con croce 2 come in tutte le altre. Un apparente punto di forza del prodotto potrebbe vedersi nel passo doppio che consente un avvitamento pi\u00f9 rapido rispetto a una normale vite per la plastica: sfortunatamente questo pregio diventa negativo quando si guarda alla tenuta del prodotto a parit\u00e0 di coppia di serraggio.<br \/>\nPregi e difetti delle Hi-Lo sono questi, ma non solo: per tale motivo raccomandiamo sempre di contattare la sede per avere una consulenza pi\u00f9 esaustiva e mirata.<\/p>\n<p>La lunghezza della vite si calcola misurando la vite compresa la testa.<\/p>\n","protected":false},"featured_media":1268,"template":"","meta":[],"product_brand":[],"product_cat":[48],"product_tag":[],"class_list":{"0":"post-2942","1":"product","2":"type-product","3":"status-publish","4":"has-post-thumbnail","6":"product_cat-stainless-steel-screws","8":"first","9":"instock","10":"shipping-taxable","11":"product-type-simple"},"yoast_head":"<!-- This site is optimized with the Yoast SEO plugin v27.4 - https:\/\/yoast.com\/product\/yoast-seo-wordpress\/ -->\n<title>IN162 | KILTON<\/title>\n<meta name=\"robots\" content=\"index, follow, max-snippet:-1, max-image-preview:large, max-video-preview:-1\" \/>\n<link rel=\"canonical\" href=\"https:\/\/www.kilton.it\/en\/prodotti\/stainless-steel-screws\/in162\/\" \/>\n<meta property=\"og:locale\" content=\"en_US\" \/>\n<meta property=\"og:type\" content=\"article\" \/>\n<meta property=\"og:title\" content=\"IN162 | KILTON\" \/>\n<meta property=\"og:description\" content=\"La vite Hi-Lo \u00e8 facilmente distinguibile da qualsiasi altra vite per la caratteristica alternanza del filetto tra alto (high) e basso (low). E&#039; stata una delle prime viti progettate specificatamente per le materie plastiche, in particolar modo per materiali molto teneri come ad esempio nylon, moplen e simili. Il filetto pi\u00f9 alto a 30\u00b0 \u00e8 quello incaricato di garantire la tenuta della vite nel materiale plastico, mentre quello pi\u00f9 piccolo dovrebbe servire a creare un&#039;azione bloccante della vite in virt\u00f9 della diversa angolazione a 60\u00b0. All&#039;atto pratico il prodotto si comporta come la &quot;cugina&quot; rapid-fix a doppio principio usata nel settore del legno: proprio da quest&#039;ultima si \u00e8 sviluppata l&#039;idea per una vite con caratteristiche simili di tenuta, ma sui materiali plastici. Esattamente come la sua simile, le criticit\u00e0 di questo articolo sono svariate e dovrebbero venir considerate pi\u00f9 spesso in fase di progettazione, di modo che questa vite possa venir utilizzata ad ampio spettro in maniera decisamente pi\u00f9 consapevole come accade per la Plastic-Fix (art.105 e derivati). Analizzando le difficolt\u00e0 della vite, ad esempio, nella nostra esperienza ci \u00e8 capitato di avere a che fare con manufatti plastici il cui preforo essendo troppo grande (questo a causa delle esigenze di stampaggio e soffiaggio della plastica) non permetteva al filetto pi\u00f9 basso della vite di ottemperare all&#039;azione di bloccaggio e\/o comunque di non avere nessuna presa sul materiale. Di fatto lavorando un solo filetto la tenuta della vite non \u00e8 per come \u00e8 stata pensata originariamente. Un secondo caso riguarda le dimensioni della testa che a parit\u00e0 di diametro nominale del gambo \u00e8 di gran lunga inferiore rispetto a qualsiasi altra tipologia di prodotto per le materie plastiche: l&#039;esempio pi\u00f9 eclatante lo troviamo nella vite di diametro 3.5mm la cui testa ha un diametro di 5.6mm e con croce 1 anzich\u00e8 di 7mm e con croce 2 come in tutte le altre. Un apparente punto di forza del prodotto potrebbe vedersi nel passo doppio che consente un avvitamento pi\u00f9 rapido rispetto a una normale vite per la plastica: sfortunatamente questo pregio diventa negativo quando si guarda alla tenuta del prodotto a parit\u00e0 di coppia di serraggio. Pregi e difetti delle Hi-Lo sono questi, ma non solo: per tale motivo raccomandiamo sempre di contattare la sede per avere una consulenza pi\u00f9 esaustiva e mirata.  La lunghezza della vite si calcola misurando la vite compresa la testa.\" \/>\n<meta property=\"og:url\" content=\"https:\/\/www.kilton.it\/en\/prodotti\/stainless-steel-screws\/in162\/\" \/>\n<meta property=\"og:site_name\" content=\"KILTON\" \/>\n<meta property=\"article:modified_time\" content=\"2026-02-17T13:12:00+00:00\" \/>\n<meta property=\"og:image\" content=\"https:\/\/www.kilton.it\/wp-content\/uploads\/2020\/01\/Cod.162.05025ZN-TS-scaled.jpg\" \/>\n\t<meta property=\"og:image:width\" content=\"2560\" \/>\n\t<meta property=\"og:image:height\" content=\"1639\" \/>\n\t<meta property=\"og:image:type\" content=\"image\/jpeg\" \/>\n<meta name=\"twitter:card\" content=\"summary_large_image\" \/>\n<meta name=\"twitter:label1\" content=\"Est. reading time\" \/>\n\t<meta name=\"twitter:data1\" content=\"1 minute\" \/>\n<script type=\"application\/ld+json\" class=\"yoast-schema-graph\">{\"@context\":\"https:\\\/\\\/schema.org\",\"@graph\":[{\"@type\":\"WebPage\",\"@id\":\"https:\\\/\\\/www.kilton.it\\\/en\\\/prodotti\\\/stainless-steel-screws\\\/in162\\\/\",\"url\":\"https:\\\/\\\/www.kilton.it\\\/en\\\/prodotti\\\/stainless-steel-screws\\\/in162\\\/\",\"name\":\"IN162 | KILTON\",\"isPartOf\":{\"@id\":\"https:\\\/\\\/www.kilton.it\\\/en\\\/#website\"},\"primaryImageOfPage\":{\"@id\":\"https:\\\/\\\/www.kilton.it\\\/en\\\/prodotti\\\/stainless-steel-screws\\\/in162\\\/#primaryimage\"},\"image\":{\"@id\":\"https:\\\/\\\/www.kilton.it\\\/en\\\/prodotti\\\/stainless-steel-screws\\\/in162\\\/#primaryimage\"},\"thumbnailUrl\":\"https:\\\/\\\/www.kilton.it\\\/wp-content\\\/uploads\\\/2020\\\/01\\\/Cod.162.05025ZN-TS-scaled.jpg\",\"datePublished\":\"2020-10-20T08:30:35+00:00\",\"dateModified\":\"2026-02-17T13:12:00+00:00\",\"breadcrumb\":{\"@id\":\"https:\\\/\\\/www.kilton.it\\\/en\\\/prodotti\\\/stainless-steel-screws\\\/in162\\\/#breadcrumb\"},\"inLanguage\":\"en-US\",\"potentialAction\":[{\"@type\":\"ReadAction\",\"target\":[\"https:\\\/\\\/www.kilton.it\\\/en\\\/prodotti\\\/stainless-steel-screws\\\/in162\\\/\"]}]},{\"@type\":\"ImageObject\",\"inLanguage\":\"en-US\",\"@id\":\"https:\\\/\\\/www.kilton.it\\\/en\\\/prodotti\\\/stainless-steel-screws\\\/in162\\\/#primaryimage\",\"url\":\"https:\\\/\\\/www.kilton.it\\\/wp-content\\\/uploads\\\/2020\\\/01\\\/Cod.162.05025ZN-TS-scaled.jpg\",\"contentUrl\":\"https:\\\/\\\/www.kilton.it\\\/wp-content\\\/uploads\\\/2020\\\/01\\\/Cod.162.05025ZN-TS-scaled.jpg\",\"width\":2560,\"height\":1639},{\"@type\":\"BreadcrumbList\",\"@id\":\"https:\\\/\\\/www.kilton.it\\\/en\\\/prodotti\\\/stainless-steel-screws\\\/in162\\\/#breadcrumb\",\"itemListElement\":[{\"@type\":\"ListItem\",\"position\":1,\"name\":\"Home\",\"item\":\"https:\\\/\\\/www.kilton.it\\\/en\\\/\"},{\"@type\":\"ListItem\",\"position\":2,\"name\":\"Shop\",\"item\":\"https:\\\/\\\/www.kilton.it\\\/en\\\/shop\\\/\"},{\"@type\":\"ListItem\",\"position\":3,\"name\":\"IN162\"}]},{\"@type\":\"WebSite\",\"@id\":\"https:\\\/\\\/www.kilton.it\\\/en\\\/#website\",\"url\":\"https:\\\/\\\/www.kilton.it\\\/en\\\/\",\"name\":\"KILTON\",\"description\":\"Produzione e distribuzione viti e bulloni\",\"potentialAction\":[{\"@type\":\"SearchAction\",\"target\":{\"@type\":\"EntryPoint\",\"urlTemplate\":\"https:\\\/\\\/www.kilton.it\\\/en\\\/?s={search_term_string}\"},\"query-input\":{\"@type\":\"PropertyValueSpecification\",\"valueRequired\":true,\"valueName\":\"search_term_string\"}}],\"inLanguage\":\"en-US\"}]}<\/script>\n<!-- \/ Yoast SEO plugin. -->","yoast_head_json":{"title":"IN162 | KILTON","robots":{"index":"index","follow":"follow","max-snippet":"max-snippet:-1","max-image-preview":"max-image-preview:large","max-video-preview":"max-video-preview:-1"},"canonical":"https:\/\/www.kilton.it\/en\/prodotti\/stainless-steel-screws\/in162\/","og_locale":"en_US","og_type":"article","og_title":"IN162 | KILTON","og_description":"La vite Hi-Lo \u00e8 facilmente distinguibile da qualsiasi altra vite per la caratteristica alternanza del filetto tra alto (high) e basso (low). E' stata una delle prime viti progettate specificatamente per le materie plastiche, in particolar modo per materiali molto teneri come ad esempio nylon, moplen e simili. Il filetto pi\u00f9 alto a 30\u00b0 \u00e8 quello incaricato di garantire la tenuta della vite nel materiale plastico, mentre quello pi\u00f9 piccolo dovrebbe servire a creare un'azione bloccante della vite in virt\u00f9 della diversa angolazione a 60\u00b0. All'atto pratico il prodotto si comporta come la \"cugina\" rapid-fix a doppio principio usata nel settore del legno: proprio da quest'ultima si \u00e8 sviluppata l'idea per una vite con caratteristiche simili di tenuta, ma sui materiali plastici. Esattamente come la sua simile, le criticit\u00e0 di questo articolo sono svariate e dovrebbero venir considerate pi\u00f9 spesso in fase di progettazione, di modo che questa vite possa venir utilizzata ad ampio spettro in maniera decisamente pi\u00f9 consapevole come accade per la Plastic-Fix (art.105 e derivati). Analizzando le difficolt\u00e0 della vite, ad esempio, nella nostra esperienza ci \u00e8 capitato di avere a che fare con manufatti plastici il cui preforo essendo troppo grande (questo a causa delle esigenze di stampaggio e soffiaggio della plastica) non permetteva al filetto pi\u00f9 basso della vite di ottemperare all'azione di bloccaggio e\/o comunque di non avere nessuna presa sul materiale. Di fatto lavorando un solo filetto la tenuta della vite non \u00e8 per come \u00e8 stata pensata originariamente. Un secondo caso riguarda le dimensioni della testa che a parit\u00e0 di diametro nominale del gambo \u00e8 di gran lunga inferiore rispetto a qualsiasi altra tipologia di prodotto per le materie plastiche: l'esempio pi\u00f9 eclatante lo troviamo nella vite di diametro 3.5mm la cui testa ha un diametro di 5.6mm e con croce 1 anzich\u00e8 di 7mm e con croce 2 come in tutte le altre. Un apparente punto di forza del prodotto potrebbe vedersi nel passo doppio che consente un avvitamento pi\u00f9 rapido rispetto a una normale vite per la plastica: sfortunatamente questo pregio diventa negativo quando si guarda alla tenuta del prodotto a parit\u00e0 di coppia di serraggio. Pregi e difetti delle Hi-Lo sono questi, ma non solo: per tale motivo raccomandiamo sempre di contattare la sede per avere una consulenza pi\u00f9 esaustiva e mirata.  La lunghezza della vite si calcola misurando la vite compresa la testa.","og_url":"https:\/\/www.kilton.it\/en\/prodotti\/stainless-steel-screws\/in162\/","og_site_name":"KILTON","article_modified_time":"2026-02-17T13:12:00+00:00","og_image":[{"width":2560,"height":1639,"url":"https:\/\/www.kilton.it\/wp-content\/uploads\/2020\/01\/Cod.162.05025ZN-TS-scaled.jpg","type":"image\/jpeg"}],"twitter_card":"summary_large_image","twitter_misc":{"Est. reading time":"1 minute"},"schema":{"@context":"https:\/\/schema.org","@graph":[{"@type":"WebPage","@id":"https:\/\/www.kilton.it\/en\/prodotti\/stainless-steel-screws\/in162\/","url":"https:\/\/www.kilton.it\/en\/prodotti\/stainless-steel-screws\/in162\/","name":"IN162 | KILTON","isPartOf":{"@id":"https:\/\/www.kilton.it\/en\/#website"},"primaryImageOfPage":{"@id":"https:\/\/www.kilton.it\/en\/prodotti\/stainless-steel-screws\/in162\/#primaryimage"},"image":{"@id":"https:\/\/www.kilton.it\/en\/prodotti\/stainless-steel-screws\/in162\/#primaryimage"},"thumbnailUrl":"https:\/\/www.kilton.it\/wp-content\/uploads\/2020\/01\/Cod.162.05025ZN-TS-scaled.jpg","datePublished":"2020-10-20T08:30:35+00:00","dateModified":"2026-02-17T13:12:00+00:00","breadcrumb":{"@id":"https:\/\/www.kilton.it\/en\/prodotti\/stainless-steel-screws\/in162\/#breadcrumb"},"inLanguage":"en-US","potentialAction":[{"@type":"ReadAction","target":["https:\/\/www.kilton.it\/en\/prodotti\/stainless-steel-screws\/in162\/"]}]},{"@type":"ImageObject","inLanguage":"en-US","@id":"https:\/\/www.kilton.it\/en\/prodotti\/stainless-steel-screws\/in162\/#primaryimage","url":"https:\/\/www.kilton.it\/wp-content\/uploads\/2020\/01\/Cod.162.05025ZN-TS-scaled.jpg","contentUrl":"https:\/\/www.kilton.it\/wp-content\/uploads\/2020\/01\/Cod.162.05025ZN-TS-scaled.jpg","width":2560,"height":1639},{"@type":"BreadcrumbList","@id":"https:\/\/www.kilton.it\/en\/prodotti\/stainless-steel-screws\/in162\/#breadcrumb","itemListElement":[{"@type":"ListItem","position":1,"name":"Home","item":"https:\/\/www.kilton.it\/en\/"},{"@type":"ListItem","position":2,"name":"Shop","item":"https:\/\/www.kilton.it\/en\/shop\/"},{"@type":"ListItem","position":3,"name":"IN162"}]},{"@type":"WebSite","@id":"https:\/\/www.kilton.it\/en\/#website","url":"https:\/\/www.kilton.it\/en\/","name":"KILTON","description":"Produzione e distribuzione viti e bulloni","potentialAction":[{"@type":"SearchAction","target":{"@type":"EntryPoint","urlTemplate":"https:\/\/www.kilton.it\/en\/?s={search_term_string}"},"query-input":{"@type":"PropertyValueSpecification","valueRequired":true,"valueName":"search_term_string"}}],"inLanguage":"en-US"}]}},"_links":{"self":[{"href":"https:\/\/www.kilton.it\/en\/wp-json\/wp\/v2\/product\/2942","targetHints":{"allow":["GET"]}}],"collection":[{"href":"https:\/\/www.kilton.it\/en\/wp-json\/wp\/v2\/product"}],"about":[{"href":"https:\/\/www.kilton.it\/en\/wp-json\/wp\/v2\/types\/product"}],"wp:featuredmedia":[{"embeddable":true,"href":"https:\/\/www.kilton.it\/en\/wp-json\/wp\/v2\/media\/1268"}],"wp:attachment":[{"href":"https:\/\/www.kilton.it\/en\/wp-json\/wp\/v2\/media?parent=2942"}],"wp:term":[{"taxonomy":"product_brand","embeddable":true,"href":"https:\/\/www.kilton.it\/en\/wp-json\/wp\/v2\/product_brand?post=2942"},{"taxonomy":"product_cat","embeddable":true,"href":"https:\/\/www.kilton.it\/en\/wp-json\/wp\/v2\/product_cat?post=2942"},{"taxonomy":"product_tag","embeddable":true,"href":"https:\/\/www.kilton.it\/en\/wp-json\/wp\/v2\/product_tag?post=2942"}],"curies":[{"name":"wp","href":"https:\/\/api.w.org\/{rel}","templated":true}]}}