{"id":2930,"date":"2020-10-20T09:11:50","date_gmt":"2020-10-20T09:11:50","guid":{"rendered":"https:\/\/www.kilton.it\/prodotti\/uncategorized\/in014\/"},"modified":"2026-02-17T14:00:24","modified_gmt":"2026-02-17T13:00:24","slug":"in014","status":"publish","type":"product","link":"https:\/\/www.kilton.it\/en\/prodotti\/stainless-steel-screws\/in014\/","title":{"rendered":"IN014"},"content":{"rendered":"<p><span class=\"tlid-translation translation\" lang=\"en\"><span class=\"\" title=\"\">PHILIP TRUSS HEAD SELF TAPPING SCREWS TYPE C<\/span><\/span><\/p>\n<p>INOX A2<\/p>\n","protected":false},"excerpt":{"rendered":"<p>Le viti autofilettanti sono prevalentemente impiegate per l\u2019avvitamento su lamiere e laminati metallici tramite la semplice foratura, senza operazioni di filettatura o maschiatura. Queste viti non sono particolarmente adatte all\u2019impiego su materiali pressofusi e materie plastiche. Per un avvitamento sicuro e stabile va posta particolare attenzione al diametro del foro da eseguire. Un foro piccolo in cui la vite \u201csforza\u201d per entrare non \u00e8 sicuramente sinonimo di maggior garanzia nel fissaggio. Si ricorda tra l\u2019altro che le tabelle esistenti sono empiriche e danno solo un\u2019indicazione di foratura, ma non sono una regola certa, in quanto il fissaggio va verificato di volta in volta secondo le condizioni tecnico-meccaniche del particolare che si andr\u00e0 a stringere.<\/p>\n<p>La testa larga favorisce una superficie pi\u00f9 ampia di tenuta nonch\u00e9 l\u2019eventuale copertura di fori passanti in caso di accoppiamento sandwich tra due lamiere, mentre il profilo ribassato e senza spigoli le rende particolarmente adatte nelle applicazioni \u201ca vista\u201d. Questa vite ha ampi campi di applicazione che spaziano dal settore meccanico all\u2019elettrodomestico, dall\u2019automotive al serramento in alluminio.<\/p>\n<p>La lunghezza della vite va misurata dalla punta fino al sottotesta.<\/p>\n","protected":false},"featured_media":1280,"template":"","meta":[],"product_brand":[],"product_cat":[48],"product_tag":[],"class_list":{"0":"post-2930","1":"product","2":"type-product","3":"status-publish","4":"has-post-thumbnail","6":"product_cat-stainless-steel-screws","8":"first","9":"instock","10":"shipping-taxable","11":"product-type-simple"},"yoast_head":"<!-- This site is optimized with the Yoast SEO plugin v27.3 - https:\/\/yoast.com\/product\/yoast-seo-wordpress\/ -->\n<title>IN014 | KILTON<\/title>\n<meta name=\"robots\" content=\"index, follow, max-snippet:-1, max-image-preview:large, max-video-preview:-1\" \/>\n<link rel=\"canonical\" href=\"https:\/\/www.kilton.it\/en\/prodotti\/stainless-steel-screws\/in014\/\" \/>\n<meta property=\"og:locale\" content=\"en_US\" \/>\n<meta property=\"og:type\" content=\"article\" \/>\n<meta property=\"og:title\" content=\"IN014 | KILTON\" \/>\n<meta property=\"og:description\" content=\"Le viti autofilettanti sono prevalentemente impiegate per l\u2019avvitamento su lamiere e laminati metallici tramite la semplice foratura, senza operazioni di filettatura o maschiatura. Queste viti non sono particolarmente adatte all\u2019impiego su materiali pressofusi e materie plastiche. Per un avvitamento sicuro e stabile va posta particolare attenzione al diametro del foro da eseguire. Un foro piccolo in cui la vite \u201csforza\u201d per entrare non \u00e8 sicuramente sinonimo di maggior garanzia nel fissaggio. Si ricorda tra l\u2019altro che le tabelle esistenti sono empiriche e danno solo un\u2019indicazione di foratura, ma non sono una regola certa, in quanto il fissaggio va verificato di volta in volta secondo le condizioni tecnico-meccaniche del particolare che si andr\u00e0 a stringere.  La testa larga favorisce una superficie pi\u00f9 ampia di tenuta nonch\u00e9 l\u2019eventuale copertura di fori passanti in caso di accoppiamento sandwich tra due lamiere, mentre il profilo ribassato e senza spigoli le rende particolarmente adatte nelle applicazioni \u201ca vista\u201d. Questa vite ha ampi campi di applicazione che spaziano dal settore meccanico all\u2019elettrodomestico, dall\u2019automotive al serramento in alluminio.  La lunghezza della vite va misurata dalla punta fino al sottotesta.\" \/>\n<meta property=\"og:url\" content=\"https:\/\/www.kilton.it\/en\/prodotti\/stainless-steel-screws\/in014\/\" \/>\n<meta property=\"og:site_name\" content=\"KILTON\" \/>\n<meta property=\"article:modified_time\" content=\"2026-02-17T13:00:24+00:00\" \/>\n<meta property=\"og:image\" content=\"https:\/\/www.kilton.it\/wp-content\/uploads\/2020\/01\/TFUcod.014-scaled.jpg\" \/>\n\t<meta property=\"og:image:width\" content=\"2560\" \/>\n\t<meta property=\"og:image:height\" content=\"1639\" \/>\n\t<meta property=\"og:image:type\" content=\"image\/jpeg\" \/>\n<meta name=\"twitter:card\" content=\"summary_large_image\" \/>\n<meta name=\"twitter:label1\" content=\"Est. reading time\" \/>\n\t<meta name=\"twitter:data1\" content=\"1 minute\" \/>\n<script type=\"application\/ld+json\" class=\"yoast-schema-graph\">{\"@context\":\"https:\\\/\\\/schema.org\",\"@graph\":[{\"@type\":\"WebPage\",\"@id\":\"https:\\\/\\\/www.kilton.it\\\/en\\\/prodotti\\\/stainless-steel-screws\\\/in014\\\/\",\"url\":\"https:\\\/\\\/www.kilton.it\\\/en\\\/prodotti\\\/stainless-steel-screws\\\/in014\\\/\",\"name\":\"IN014 | KILTON\",\"isPartOf\":{\"@id\":\"https:\\\/\\\/www.kilton.it\\\/en\\\/#website\"},\"primaryImageOfPage\":{\"@id\":\"https:\\\/\\\/www.kilton.it\\\/en\\\/prodotti\\\/stainless-steel-screws\\\/in014\\\/#primaryimage\"},\"image\":{\"@id\":\"https:\\\/\\\/www.kilton.it\\\/en\\\/prodotti\\\/stainless-steel-screws\\\/in014\\\/#primaryimage\"},\"thumbnailUrl\":\"https:\\\/\\\/www.kilton.it\\\/wp-content\\\/uploads\\\/2020\\\/01\\\/TFUcod.014-scaled.jpg\",\"datePublished\":\"2020-10-20T09:11:50+00:00\",\"dateModified\":\"2026-02-17T13:00:24+00:00\",\"breadcrumb\":{\"@id\":\"https:\\\/\\\/www.kilton.it\\\/en\\\/prodotti\\\/stainless-steel-screws\\\/in014\\\/#breadcrumb\"},\"inLanguage\":\"en-US\",\"potentialAction\":[{\"@type\":\"ReadAction\",\"target\":[\"https:\\\/\\\/www.kilton.it\\\/en\\\/prodotti\\\/stainless-steel-screws\\\/in014\\\/\"]}]},{\"@type\":\"ImageObject\",\"inLanguage\":\"en-US\",\"@id\":\"https:\\\/\\\/www.kilton.it\\\/en\\\/prodotti\\\/stainless-steel-screws\\\/in014\\\/#primaryimage\",\"url\":\"https:\\\/\\\/www.kilton.it\\\/wp-content\\\/uploads\\\/2020\\\/01\\\/TFUcod.014-scaled.jpg\",\"contentUrl\":\"https:\\\/\\\/www.kilton.it\\\/wp-content\\\/uploads\\\/2020\\\/01\\\/TFUcod.014-scaled.jpg\",\"width\":2560,\"height\":1639},{\"@type\":\"BreadcrumbList\",\"@id\":\"https:\\\/\\\/www.kilton.it\\\/en\\\/prodotti\\\/stainless-steel-screws\\\/in014\\\/#breadcrumb\",\"itemListElement\":[{\"@type\":\"ListItem\",\"position\":1,\"name\":\"Home\",\"item\":\"https:\\\/\\\/www.kilton.it\\\/en\\\/\"},{\"@type\":\"ListItem\",\"position\":2,\"name\":\"Shop\",\"item\":\"https:\\\/\\\/www.kilton.it\\\/en\\\/shop\\\/\"},{\"@type\":\"ListItem\",\"position\":3,\"name\":\"IN014\"}]},{\"@type\":\"WebSite\",\"@id\":\"https:\\\/\\\/www.kilton.it\\\/en\\\/#website\",\"url\":\"https:\\\/\\\/www.kilton.it\\\/en\\\/\",\"name\":\"KILTON\",\"description\":\"Produzione e distribuzione viti e bulloni\",\"potentialAction\":[{\"@type\":\"SearchAction\",\"target\":{\"@type\":\"EntryPoint\",\"urlTemplate\":\"https:\\\/\\\/www.kilton.it\\\/en\\\/?s={search_term_string}\"},\"query-input\":{\"@type\":\"PropertyValueSpecification\",\"valueRequired\":true,\"valueName\":\"search_term_string\"}}],\"inLanguage\":\"en-US\"}]}<\/script>\n<!-- \/ Yoast SEO plugin. -->","yoast_head_json":{"title":"IN014 | KILTON","robots":{"index":"index","follow":"follow","max-snippet":"max-snippet:-1","max-image-preview":"max-image-preview:large","max-video-preview":"max-video-preview:-1"},"canonical":"https:\/\/www.kilton.it\/en\/prodotti\/stainless-steel-screws\/in014\/","og_locale":"en_US","og_type":"article","og_title":"IN014 | KILTON","og_description":"Le viti autofilettanti sono prevalentemente impiegate per l\u2019avvitamento su lamiere e laminati metallici tramite la semplice foratura, senza operazioni di filettatura o maschiatura. Queste viti non sono particolarmente adatte all\u2019impiego su materiali pressofusi e materie plastiche. Per un avvitamento sicuro e stabile va posta particolare attenzione al diametro del foro da eseguire. Un foro piccolo in cui la vite \u201csforza\u201d per entrare non \u00e8 sicuramente sinonimo di maggior garanzia nel fissaggio. Si ricorda tra l\u2019altro che le tabelle esistenti sono empiriche e danno solo un\u2019indicazione di foratura, ma non sono una regola certa, in quanto il fissaggio va verificato di volta in volta secondo le condizioni tecnico-meccaniche del particolare che si andr\u00e0 a stringere.  La testa larga favorisce una superficie pi\u00f9 ampia di tenuta nonch\u00e9 l\u2019eventuale copertura di fori passanti in caso di accoppiamento sandwich tra due lamiere, mentre il profilo ribassato e senza spigoli le rende particolarmente adatte nelle applicazioni \u201ca vista\u201d. Questa vite ha ampi campi di applicazione che spaziano dal settore meccanico all\u2019elettrodomestico, dall\u2019automotive al serramento in alluminio.  La lunghezza della vite va misurata dalla punta fino al sottotesta.","og_url":"https:\/\/www.kilton.it\/en\/prodotti\/stainless-steel-screws\/in014\/","og_site_name":"KILTON","article_modified_time":"2026-02-17T13:00:24+00:00","og_image":[{"width":2560,"height":1639,"url":"https:\/\/www.kilton.it\/wp-content\/uploads\/2020\/01\/TFUcod.014-scaled.jpg","type":"image\/jpeg"}],"twitter_card":"summary_large_image","twitter_misc":{"Est. reading time":"1 minute"},"schema":{"@context":"https:\/\/schema.org","@graph":[{"@type":"WebPage","@id":"https:\/\/www.kilton.it\/en\/prodotti\/stainless-steel-screws\/in014\/","url":"https:\/\/www.kilton.it\/en\/prodotti\/stainless-steel-screws\/in014\/","name":"IN014 | KILTON","isPartOf":{"@id":"https:\/\/www.kilton.it\/en\/#website"},"primaryImageOfPage":{"@id":"https:\/\/www.kilton.it\/en\/prodotti\/stainless-steel-screws\/in014\/#primaryimage"},"image":{"@id":"https:\/\/www.kilton.it\/en\/prodotti\/stainless-steel-screws\/in014\/#primaryimage"},"thumbnailUrl":"https:\/\/www.kilton.it\/wp-content\/uploads\/2020\/01\/TFUcod.014-scaled.jpg","datePublished":"2020-10-20T09:11:50+00:00","dateModified":"2026-02-17T13:00:24+00:00","breadcrumb":{"@id":"https:\/\/www.kilton.it\/en\/prodotti\/stainless-steel-screws\/in014\/#breadcrumb"},"inLanguage":"en-US","potentialAction":[{"@type":"ReadAction","target":["https:\/\/www.kilton.it\/en\/prodotti\/stainless-steel-screws\/in014\/"]}]},{"@type":"ImageObject","inLanguage":"en-US","@id":"https:\/\/www.kilton.it\/en\/prodotti\/stainless-steel-screws\/in014\/#primaryimage","url":"https:\/\/www.kilton.it\/wp-content\/uploads\/2020\/01\/TFUcod.014-scaled.jpg","contentUrl":"https:\/\/www.kilton.it\/wp-content\/uploads\/2020\/01\/TFUcod.014-scaled.jpg","width":2560,"height":1639},{"@type":"BreadcrumbList","@id":"https:\/\/www.kilton.it\/en\/prodotti\/stainless-steel-screws\/in014\/#breadcrumb","itemListElement":[{"@type":"ListItem","position":1,"name":"Home","item":"https:\/\/www.kilton.it\/en\/"},{"@type":"ListItem","position":2,"name":"Shop","item":"https:\/\/www.kilton.it\/en\/shop\/"},{"@type":"ListItem","position":3,"name":"IN014"}]},{"@type":"WebSite","@id":"https:\/\/www.kilton.it\/en\/#website","url":"https:\/\/www.kilton.it\/en\/","name":"KILTON","description":"Produzione e distribuzione viti e bulloni","potentialAction":[{"@type":"SearchAction","target":{"@type":"EntryPoint","urlTemplate":"https:\/\/www.kilton.it\/en\/?s={search_term_string}"},"query-input":{"@type":"PropertyValueSpecification","valueRequired":true,"valueName":"search_term_string"}}],"inLanguage":"en-US"}]}},"_links":{"self":[{"href":"https:\/\/www.kilton.it\/en\/wp-json\/wp\/v2\/product\/2930","targetHints":{"allow":["GET"]}}],"collection":[{"href":"https:\/\/www.kilton.it\/en\/wp-json\/wp\/v2\/product"}],"about":[{"href":"https:\/\/www.kilton.it\/en\/wp-json\/wp\/v2\/types\/product"}],"wp:featuredmedia":[{"embeddable":true,"href":"https:\/\/www.kilton.it\/en\/wp-json\/wp\/v2\/media\/1280"}],"wp:attachment":[{"href":"https:\/\/www.kilton.it\/en\/wp-json\/wp\/v2\/media?parent=2930"}],"wp:term":[{"taxonomy":"product_brand","embeddable":true,"href":"https:\/\/www.kilton.it\/en\/wp-json\/wp\/v2\/product_brand?post=2930"},{"taxonomy":"product_cat","embeddable":true,"href":"https:\/\/www.kilton.it\/en\/wp-json\/wp\/v2\/product_cat?post=2930"},{"taxonomy":"product_tag","embeddable":true,"href":"https:\/\/www.kilton.it\/en\/wp-json\/wp\/v2\/product_tag?post=2930"}],"curies":[{"name":"wp","href":"https:\/\/api.w.org\/{rel}","templated":true}]}}